{"id":20,"date":"2024-11-23T20:43:53","date_gmt":"2024-11-23T19:43:53","guid":{"rendered":"https:\/\/dugmv.si\/?page_id=20"},"modified":"2026-01-14T19:47:59","modified_gmt":"2026-01-14T18:47:59","slug":"domov","status":"publish","type":"page","link":"https:\/\/dugmv.si\/?page_id=20","title":{"rendered":"DOGODKI  2024"},"content":{"rendered":"\n\n\n<blockquote class=\"wp-block-quote is-layout-flow wp-block-quote-is-layout-flow\">\n<p class=\"has-text-align-center\"><strong>Dogodki DUGMV v lanskem letu 1.1.2024 do 31.12.2024<\/strong><\/p>\n\n\n\n<ul class=\"wp-block-list\">\n<li>1. <strong>Bralni kro\u017eek knji\u017enica \u0160entvid<\/strong> &#8211; 11.1. do 23.5. &#8211;     povpre\u010dno 6 prisotnih<\/li>\n\n\n\n<li>2. <strong>Potopis Sri Lanka<\/strong> &#8211; Nika Klobu\u010dar 23.1.2024 21 prisotnih<\/li>\n\n\n\n<li>3.<strong>Ob\u010dni zbor<\/strong> &#8211; 60 prisotnih<\/li>\n\n\n\n<li>4. <strong>Galerija+BP\u010c+DU<\/strong> &#8211; Pre\u0161ernov dan recitacija 8.2. &#8211; 21 prisotnih<\/li>\n\n\n\n<li>5. <strong>Predstavitev knjige<\/strong> &#8211; Blagus Ivan -5.3. &#8211; 33 prisotnih<\/li>\n\n\n\n<li>6. <strong>Koncert klasi\u010dne glasbe<\/strong> -Lora in Brina &#8211;  \u010delo, klavir &#8211; 6.3.  &#8211; 32 prisotnih<\/li>\n\n\n\n<li>7. <strong>Delovna akcija<\/strong>  &#8211; \u010di\u0161\u010denje prostorov DU &#8211; 9. in 10.3.  &#8211; 7 prisotnih<\/li>\n\n\n\n<li>8. <strong>\u010cistilna akcija O\u010distimo Ljubljano<\/strong>  &#8211;  23.3.  &#8211; 6 prisotnih<\/li>\n\n\n\n<li>9. <strong>Potopis Afrika<\/strong>  &#8211;  Marina Pir\u0161   &#8211; 26.3.  &#8211;  28 prisotnih<\/li>\n\n\n\n<li>10. <strong>Zdravilna zeli\u0161\u010da<\/strong> -Ivica Jan &#8211;  26.3. &#8211; 12 prisotnih<\/li>\n\n\n\n<li>11. <strong>Izlet Gorenjska<\/strong>  &#8211;  9.4.  &#8211;  40 prisotnih<\/li>\n\n\n\n<li>12 <strong>Potopis Argentina <\/strong> &#8211;  Koreli\u010d Irena, Igor  &#8211;  23.4.  &#8211;  24 prisotnih<\/li>\n\n\n\n<li>13. <strong>Predavanje Okoli sveta<\/strong>  &#8211;  Matev\u017e Lenar\u010di\u010d  &#8211;  15.5.  &#8211;  45 prisotnih<\/li>\n\n\n\n<li>14. <strong>Piknik ZDUS Mostec<\/strong>  &#8211;  4.6.  -6 prisotnih<\/li>\n\n\n\n<li>15. <strong>Ustna higiena<\/strong>  &#8211;  Aleksandra Dragan  &#8211;  13.6. &#8211;  24 prisotnih<\/li>\n\n\n\n<li>16. <strong>Piknik DU Oval <\/strong> &#8211; 19.9.  -49 prisotnih<\/li>\n\n\n\n<li>17. <strong>Evropski <\/strong>t<strong>eden mobilnosti<\/strong> &#8211; 18.9. + 19.9.  &#8211;  7+9 prisotnih <\/li>\n\n\n\n<li>18. <strong>Jesensko sre\u010danje \u010cS \u0160entvid<\/strong>  &#8211;  5.10.  &#8211;  6 prisotnih<\/li>\n\n\n\n<li>19. <strong>Jesenski izlet Savinjska-Mozirski ga<\/strong>j  &#8211;  8.10.  -23 prisotnih<\/li>\n\n\n\n<li>20. <strong>Martinovanje<\/strong>  &#8211;  12.11. &#8211;  32 prisotnih <\/li>\n\n\n\n<li>21. <strong>Vodeni ogled Mestni Muzej<\/strong> -19.11. &#8211; 8 prisotnih<\/li>\n\n\n\n<li>22. <strong>Knji\u017enica &#8211; vaje dihanja <\/strong>&#8211; 19. 11. 10 (od korzeta do \u017eaketa) &#8211; 8 udele\u017eencev<\/li>\n\n\n\n<li>23. <strong>Potopis Albanija<\/strong> &#8211; Igor Nastran -27.11. 32 prisotnih<\/li>\n\n\n\n<li>24. <strong>Izdelava novoletnih \u010destitk<\/strong> &#8211; 6 x 5 prisotnih x 2 uri<\/li>\n\n\n\n<li>25. <strong>Izdelava okraskov<\/strong> 9. 12. &#8211; 2 x 5 prisotnih x 2 uri<\/li>\n\n\n\n<li>26. <strong>Okra\u0161evanje dvorane<\/strong> 11.12. &#8211; 8 prisotnih<\/li>\n\n\n\n<li>27. <strong>Priprava dvorane za novo leto<\/strong> &#8211; 8 x 3 ure<\/li>\n\n\n\n<li>28. <strong>Novoletna zabava<\/strong> &#8211; 13.12. &#8211; 54 udele\u017eencev<\/li>\n\n\n\n<li>29. <strong>Pospravljanje dvorane <\/strong>&#8211; 5 x 2 uri<\/li>\n\n\n\n<li> 30. <strong>Izlet v Koper z vlakom<\/strong> &#8211; ogled okra\u0161enega mesta + vodi\u010d &#8211; 16.12 &#8211; 14 udele\u017eencev<\/li>\n\n\n\n<li>31. <strong>Namizni tenis ponedeljek<\/strong> <strong>in sreda<\/strong> od 9h do 12h povpre\u010dno 6 prisotnih<\/li>\n\n\n\n<li><strong>PRI REKREACIJI NA\u0160I \u010cLANI SODELUJEJO S \u0160OLO ZDRAVJA,   MOL LJUBLJANA, DCA LJUBLJANA, PD VIHARNIK, PD RTV LJUBLJANA, Knji\u017enica \u0160entvid IN DRUGIMI<\/strong><\/li>\n\n\n\n<li><\/li>\n\n\n\n<li><strong>NA VSEH DOGODKIH V LETU 2024 JE BILO UDELE\u017dENIH PREKO 758 PROSTOVOLJCEV<\/strong><\/li>\n\n\n\n<li><\/li>\n\n\n\n<li><strong>DE\u017dURSTVO V GALERIJI GUNCLJE OB TORKIH OD 9h DO 12h &#8211; LUKA GRA\u0160I\u010c &#8211; 40 X 3 URE= 120 UR<\/strong><\/li>\n\n\n\n<li><\/li>\n\n\n\n<li><strong>OCENJUJEMO DA SMO ZA IZVEDBO VSEH ZGORAJ NA\u0160TETIH DOGODKOV POTREBOVALI PREKO 600 PROSTOVOLJNIH UR.<\/strong><\/li>\n<\/ul>\n<\/blockquote>\n\n\n","protected":false},"excerpt":{"rendered":"","protected":false},"author":1,"featured_media":0,"parent":714,"menu_order":0,"comment_status":"closed","ping_status":"closed","template":"","meta":{"om_disable_all_campaigns":false,"_monsterinsights_skip_tracking":false,"_monsterinsights_sitenote_active":false,"_monsterinsights_sitenote_note":"","_monsterinsights_sitenote_category":0,"footnotes":""},"class_list":["post-20","page","type-page","status-publish","hentry"],"aioseo_notices":[],"_links":{"self":[{"href":"https:\/\/dugmv.si\/index.php?rest_route=\/wp\/v2\/pages\/20","targetHints":{"allow":["GET"]}}],"collection":[{"href":"https:\/\/dugmv.si\/index.php?rest_route=\/wp\/v2\/pages"}],"about":[{"href":"https:\/\/dugmv.si\/index.php?rest_route=\/wp\/v2\/types\/page"}],"author":[{"embeddable":true,"href":"https:\/\/dugmv.si\/index.php?rest_route=\/wp\/v2\/users\/1"}],"replies":[{"embeddable":true,"href":"https:\/\/dugmv.si\/index.php?rest_route=%2Fwp%2Fv2%2Fcomments&post=20"}],"version-history":[{"count":27,"href":"https:\/\/dugmv.si\/index.php?rest_route=\/wp\/v2\/pages\/20\/revisions"}],"predecessor-version":[{"id":661,"href":"https:\/\/dugmv.si\/index.php?rest_route=\/wp\/v2\/pages\/20\/revisions\/661"}],"up":[{"embeddable":true,"href":"https:\/\/dugmv.si\/index.php?rest_route=\/wp\/v2\/pages\/714"}],"wp:attachment":[{"href":"https:\/\/dugmv.si\/index.php?rest_route=%2Fwp%2Fv2%2Fmedia&parent=20"}],"curies":[{"name":"wp","href":"https:\/\/api.w.org\/{rel}","templated":true}]}}