{"id":655,"date":"2025-12-11T19:31:10","date_gmt":"2025-12-11T18:31:10","guid":{"rendered":"https:\/\/dugmv.si\/?page_id=655"},"modified":"2026-01-14T19:48:25","modified_gmt":"2026-01-14T18:48:25","slug":"dogodki","status":"publish","type":"page","link":"https:\/\/dugmv.si\/?page_id=655","title":{"rendered":"DOGODKI  2025"},"content":{"rendered":"\n<p><\/p>\n\n\n\n<blockquote class=\"wp-block-quote is-layout-flow wp-block-quote-is-layout-flow\">\n<p><strong>Dogodki DUGMV v lanskem letu 1.1.2025 do 31.12.2025<\/strong><\/p>\n\n\n\n<ul class=\"wp-block-list\">\n<li><strong>1.<\/strong>&nbsp;8.2. <strong>Recital Pre\u0161ernov dan<\/strong> \u2013 8 udele\u017eencev<\/li>\n\n\n\n<li><strong>2.<\/strong>&nbsp;14.2. <strong>Redni letni ob\u010dni zbor \u010dlanov DU<\/strong> \u2013 60 udele\u017eencev<\/li>\n\n\n\n<li><strong>3.<\/strong> 4.3. <strong>Pustne maske<\/strong> \u2013 9 udele\u017eencev<\/li>\n\n\n\n<li><strong>4<\/strong>.&nbsp;10.3. <strong>Predavanje o umetni inteligenci Igor Nastran<\/strong> \u2013 16 udele\u017eencev<\/li>\n\n\n\n<li><strong>5<\/strong>.&nbsp;20.3. <strong>Potopis Filipini Irena Volaj-Koreli\u010d, Igor Koreli\u010d<\/strong> \u2013 24 udele\u017eencev<\/li>\n\n\n\n<li><strong>6.<\/strong>&nbsp;22.3. <strong>\u010cistilna akcija \u010cetrtne skupnosti \u0160entvid<\/strong> \u2013 8 udele\u017eencev<\/li>\n\n\n\n<li><strong>7.<\/strong>&nbsp;1.4. <strong>Z vlakom v Novo Gorico <\/strong>\u2013 12 udele\u017eencev<\/li>\n\n\n\n<li><strong>8.<\/strong>&nbsp;8.4. <strong>Ekskurzija \u0160entrupert \u2013 Nebesa <\/strong>\u2013 35 udele\u017eencev<\/li>\n\n\n\n<li><strong>9.<\/strong>&nbsp;23.4. <strong>Predavanje o zeli\u0161\u010dih<\/strong> \u2013 16 udele\u017eencev<\/li>\n\n\n\n<li><strong>10.<\/strong>&nbsp;15.5. <strong>Predavanje o dnevnih metuljih &#8211; Stanislav \u010ci\u010derov<\/strong> \u2013 22 udele\u017eencev<\/li>\n\n\n\n<li><strong>11.<\/strong>&nbsp;28.5. <strong>Ekskurzija Sori\u0161ka planina &#8211; \u017delezniki \u2013 Kranj<\/strong> \u2013 37 udele\u017eencev<\/li>\n\n\n\n<li><strong>12.<\/strong>&nbsp;5.6. <strong>Piknik upokojencev Mostec<\/strong> \u2013 6 udele\u017eencev<\/li>\n\n\n\n<li><strong>13.<\/strong>&nbsp;10.9. <strong>\u010cistilna akcija in okrasitev na rugby igri\u0161\u010du za piknik<\/strong> \u2013 3 x 7 \u010dlanov<\/li>\n\n\n\n<li><strong>14.<\/strong>&nbsp;11.9. <strong>Piknik na rugby igri\u0161\u010du Oval <\/strong>\u2013 60 \u010dlanov<\/li>\n\n\n\n<li><strong>15.<\/strong>&nbsp;17. in 18. 9. <strong>Evropski teden mobilnosti + vrtec Mi\u0161ma\u0161<\/strong> \u2013 2&#215;5\u010dlanov<\/li>\n\n\n\n<li><strong>16.<\/strong>\u00a025.9. <strong>Jesensko sre\u010danje \u010cetrtne skupnosti \u0160entvid &#8211; predstavitev DU<\/strong> \u2013 6 \u010dlanov<\/li>\n\n\n\n<li><strong>17.<\/strong>&nbsp;10.11.<strong> Predavanje Ane Slak o dedu Lojzetu Slaku<\/strong> \u2013 28 udele\u017eencev<\/li>\n\n\n\n<li><strong>18.<\/strong>&nbsp;12.11. <strong>Jur\u010di\u010deva doma\u010dija &#8211; Sti\u0161ki samostan \u2013 Martinovanje<\/strong> \u2013 39 \u010dlanov<\/li>\n\n\n\n<li><strong>19.<\/strong>&nbsp;1.12 <strong>Predstavitev knjige &#8211; Slepa potnica, avtorja Iva Blagusa <\/strong>\u2013 23 udele\u017eencev<\/li>\n\n\n\n<li><strong>20.<\/strong>&nbsp;16.12. <strong>Voden ogled mesta Celje z vlakom<\/strong> \u2013 16 \u010dlanov<\/li>\n\n\n\n<li><strong>21.<\/strong>&nbsp;19.12. <strong>Novoletna zabava<\/strong> \u2013 60 \u010dlanov<\/li>\n\n\n\n<li><strong>22.<\/strong>&nbsp;4x <strong>\u010dlanki v \u0160entvid\u010danu<\/strong><\/li>\n\n\n\n<li><strong>23.&nbsp;Sodelovanje pri otvoritvi razstav v Galeriji Gunclje<\/strong> 6x 6udele\u017eencev<\/li>\n\n\n\n<li><strong>24.&nbsp;Sodelovanje z bralno skupino knji\u017enice \u0160entvid<\/strong> 9&#215;6 udele\u017eencev<\/li>\n\n\n\n<li><strong>25.&nbsp;De\u017eurstvo v Galeriji vsak torek od 9h do 12h<\/strong><\/li>\n\n\n\n<li>\u2013 Gra\u0161i\u010d Luka 39 x 3ure<\/li>\n\n\n\n<li><strong>26. Izdelava okraskov in okrasitev dvorane za novoletno zabavo<\/strong> 4x 8 \u010dlanov<\/li>\n\n\n\n<li><strong>27. Izdelovanje vo\u0161\u010dilnic za rojstne dneve \u010dlanov DU celo leto<\/strong> 5&#215;8 \u010dlanov<\/li>\n\n\n\n<li><strong>28.&nbsp;2x tedensko igranje namiznega tenisa v dvorani<\/strong> 50 x 7 \u010dlanov( povpre\u010dje)<\/li>\n\n\n\n<li><strong>29.&nbsp; Izdelava internetne strani<\/strong><\/li>\n\n\n\n<li><strong>30. Izdelava facebook strani<\/strong><\/li>\n\n\n\n<li><\/li>\n\n\n\n<li><strong>Namini tenis v ponedeljek in sredo od 9h \u2013 12h, igralo povpre\u010dno 7 \u010dlanov \u2013 Skupaj: 370 \u010dlanov<\/strong><\/li>\n\n\n\n<li><\/li>\n\n\n\n<li><strong>PRI REKREACIJI NA\u0160I \u010cLANI SODELUJEJO S \u0160OLO ZDRAVJA, MOL LJUBLJANA, DCA LJUBLJANA, PD VIHARNIK, PD RTV LJUBLJANA, Knji\u017enica \u0160entvid, BP\u010c IN DRUGIMI<\/strong><\/li>\n\n\n\n<li><\/li>\n\n\n\n<li><strong>Vseh dogodkov v organizaciji DU Gunclje \u2013 Male Vi\u017emarje se je udele\u017eilo preko 900 ljudi.<\/strong><\/li>\n\n\n\n<li><\/li>\n\n\n\n<li><strong>OCENJUJEMO DA SMO ZA IZVEDBO VSEH ZGORAJ NA\u0160TETIH DOGODKOV POTREBOVALI PREKO 1000 PROSTOVOLJNIH UR.<\/strong><\/li>\n<\/ul>\n<\/blockquote>\n","protected":false},"excerpt":{"rendered":"","protected":false},"author":1,"featured_media":0,"parent":714,"menu_order":0,"comment_status":"closed","ping_status":"closed","template":"","meta":{"om_disable_all_campaigns":false,"_monsterinsights_skip_tracking":false,"_monsterinsights_sitenote_active":false,"_monsterinsights_sitenote_note":"","_monsterinsights_sitenote_category":0,"footnotes":""},"class_list":["post-655","page","type-page","status-publish","hentry"],"aioseo_notices":[],"_links":{"self":[{"href":"https:\/\/dugmv.si\/index.php?rest_route=\/wp\/v2\/pages\/655","targetHints":{"allow":["GET"]}}],"collection":[{"href":"https:\/\/dugmv.si\/index.php?rest_route=\/wp\/v2\/pages"}],"about":[{"href":"https:\/\/dugmv.si\/index.php?rest_route=\/wp\/v2\/types\/page"}],"author":[{"embeddable":true,"href":"https:\/\/dugmv.si\/index.php?rest_route=\/wp\/v2\/users\/1"}],"replies":[{"embeddable":true,"href":"https:\/\/dugmv.si\/index.php?rest_route=%2Fwp%2Fv2%2Fcomments&post=655"}],"version-history":[{"count":7,"href":"https:\/\/dugmv.si\/index.php?rest_route=\/wp\/v2\/pages\/655\/revisions"}],"predecessor-version":[{"id":701,"href":"https:\/\/dugmv.si\/index.php?rest_route=\/wp\/v2\/pages\/655\/revisions\/701"}],"up":[{"embeddable":true,"href":"https:\/\/dugmv.si\/index.php?rest_route=\/wp\/v2\/pages\/714"}],"wp:attachment":[{"href":"https:\/\/dugmv.si\/index.php?rest_route=%2Fwp%2Fv2%2Fmedia&parent=655"}],"curies":[{"name":"wp","href":"https:\/\/api.w.org\/{rel}","templated":true}]}}